{"id":1102,"date":"2025-02-21T00:26:23","date_gmt":"2025-02-21T00:26:23","guid":{"rendered":"https:\/\/michelimegahair.com.br\/?post_type=product&#038;p=1102"},"modified":"2025-02-21T00:28:35","modified_gmt":"2025-02-21T00:28:35","slug":"removedor-especial-para-remocao-de-mega-hair-e-proteses","status":"publish","type":"product","link":"https:\/\/michelimegahair.com.br\/?product=removedor-especial-para-remocao-de-mega-hair-e-proteses","title":{"rendered":"Removedor Especial Para Remo\u00e7\u00e3o De Mega Hair E Pr\u00f3teses"},"content":{"rendered":"<p><img fetchpriority=\"high\" decoding=\"async\" class=\"alignnone size-medium wp-image-1103\" src=\"https:\/\/michelimegahair.com.br\/wp-content\/uploads\/2025\/02\/Design-sem-nome-7-300x300.png\" alt=\"\" width=\"300\" height=\"300\" srcset=\"https:\/\/michelimegahair.com.br\/wp-content\/uploads\/2025\/02\/Design-sem-nome-7-300x300.png 300w, https:\/\/michelimegahair.com.br\/wp-content\/uploads\/2025\/02\/Design-sem-nome-7-1024x1024.png 1024w, https:\/\/michelimegahair.com.br\/wp-content\/uploads\/2025\/02\/Design-sem-nome-7-150x150.png 150w, https:\/\/michelimegahair.com.br\/wp-content\/uploads\/2025\/02\/Design-sem-nome-7-768x768.png 768w, https:\/\/michelimegahair.com.br\/wp-content\/uploads\/2025\/02\/Design-sem-nome-7-600x600.png 600w, https:\/\/michelimegahair.com.br\/wp-content\/uploads\/2025\/02\/Design-sem-nome-7-100x100.png 100w, https:\/\/michelimegahair.com.br\/wp-content\/uploads\/2025\/02\/Design-sem-nome-7.png 1080w\" sizes=\"(max-width: 300px) 100vw, 300px\" \/><\/p>\n","protected":false},"excerpt":{"rendered":"","protected":false},"featured_media":1103,"comment_status":"open","ping_status":"closed","template":"","meta":{"_joinchat":[]},"product_brand":[],"product_cat":[52],"product_tag":[],"class_list":{"0":"post-1102","1":"product","2":"type-product","3":"status-publish","4":"has-post-thumbnail","6":"product_cat-manutencao","8":"first","9":"instock","10":"shipping-taxable","11":"purchasable","12":"product-type-simple"},"_links":{"self":[{"href":"https:\/\/michelimegahair.com.br\/index.php?rest_route=\/wp\/v2\/product\/1102"}],"collection":[{"href":"https:\/\/michelimegahair.com.br\/index.php?rest_route=\/wp\/v2\/product"}],"about":[{"href":"https:\/\/michelimegahair.com.br\/index.php?rest_route=\/wp\/v2\/types\/product"}],"replies":[{"embeddable":true,"href":"https:\/\/michelimegahair.com.br\/index.php?rest_route=%2Fwp%2Fv2%2Fcomments&post=1102"}],"wp:featuredmedia":[{"embeddable":true,"href":"https:\/\/michelimegahair.com.br\/index.php?rest_route=\/wp\/v2\/media\/1103"}],"wp:attachment":[{"href":"https:\/\/michelimegahair.com.br\/index.php?rest_route=%2Fwp%2Fv2%2Fmedia&parent=1102"}],"wp:term":[{"taxonomy":"product_brand","embeddable":true,"href":"https:\/\/michelimegahair.com.br\/index.php?rest_route=%2Fwp%2Fv2%2Fproduct_brand&post=1102"},{"taxonomy":"product_cat","embeddable":true,"href":"https:\/\/michelimegahair.com.br\/index.php?rest_route=%2Fwp%2Fv2%2Fproduct_cat&post=1102"},{"taxonomy":"product_tag","embeddable":true,"href":"https:\/\/michelimegahair.com.br\/index.php?rest_route=%2Fwp%2Fv2%2Fproduct_tag&post=1102"}],"curies":[{"name":"wp","href":"https:\/\/api.w.org\/{rel}","templated":true}]}}