{"id":1232,"date":"2025-02-27T18:49:09","date_gmt":"2025-02-27T18:49:09","guid":{"rendered":"https:\/\/michelimegahair.com.br\/?post_type=product&#038;p=1232"},"modified":"2025-02-27T18:49:09","modified_gmt":"2025-02-27T18:49:09","slug":"cola-de-queratina-em-fita-rolo-preta-promocao-envio-rapido","status":"publish","type":"product","link":"https:\/\/michelimegahair.com.br\/?product=cola-de-queratina-em-fita-rolo-preta-promocao-envio-rapido","title":{"rendered":"Cola De Queratina Em Fita Rolo Preta Promo\u00e7\u00e3o. Envio R\u00e1pido"},"content":{"rendered":"<p><img fetchpriority=\"high\" decoding=\"async\" class=\"alignnone size-medium wp-image-1230\" src=\"https:\/\/michelimegahair.com.br\/wp-content\/uploads\/2025\/02\/D_NQ_NP_2X_724061-MLB79672208289_092024-F-300x290.webp\" alt=\"\" width=\"300\" height=\"290\" srcset=\"https:\/\/michelimegahair.com.br\/wp-content\/uploads\/2025\/02\/D_NQ_NP_2X_724061-MLB79672208289_092024-F-300x290.webp 300w, https:\/\/michelimegahair.com.br\/wp-content\/uploads\/2025\/02\/D_NQ_NP_2X_724061-MLB79672208289_092024-F-1024x990.webp 1024w, https:\/\/michelimegahair.com.br\/wp-content\/uploads\/2025\/02\/D_NQ_NP_2X_724061-MLB79672208289_092024-F-768x742.webp 768w, https:\/\/michelimegahair.com.br\/wp-content\/uploads\/2025\/02\/D_NQ_NP_2X_724061-MLB79672208289_092024-F-600x580.webp 600w, https:\/\/michelimegahair.com.br\/wp-content\/uploads\/2025\/02\/D_NQ_NP_2X_724061-MLB79672208289_092024-F.webp 1200w\" sizes=\"(max-width: 300px) 100vw, 300px\" \/><\/p>\n","protected":false},"excerpt":{"rendered":"","protected":false},"featured_media":1230,"comment_status":"open","ping_status":"closed","template":"","meta":{"_joinchat":[]},"product_brand":[],"product_cat":[52],"product_tag":[],"class_list":{"0":"post-1232","1":"product","2":"type-product","3":"status-publish","4":"has-post-thumbnail","6":"product_cat-manutencao","8":"first","9":"instock","10":"shipping-taxable","11":"purchasable","12":"product-type-simple"},"_links":{"self":[{"href":"https:\/\/michelimegahair.com.br\/index.php?rest_route=\/wp\/v2\/product\/1232"}],"collection":[{"href":"https:\/\/michelimegahair.com.br\/index.php?rest_route=\/wp\/v2\/product"}],"about":[{"href":"https:\/\/michelimegahair.com.br\/index.php?rest_route=\/wp\/v2\/types\/product"}],"replies":[{"embeddable":true,"href":"https:\/\/michelimegahair.com.br\/index.php?rest_route=%2Fwp%2Fv2%2Fcomments&post=1232"}],"wp:featuredmedia":[{"embeddable":true,"href":"https:\/\/michelimegahair.com.br\/index.php?rest_route=\/wp\/v2\/media\/1230"}],"wp:attachment":[{"href":"https:\/\/michelimegahair.com.br\/index.php?rest_route=%2Fwp%2Fv2%2Fmedia&parent=1232"}],"wp:term":[{"taxonomy":"product_brand","embeddable":true,"href":"https:\/\/michelimegahair.com.br\/index.php?rest_route=%2Fwp%2Fv2%2Fproduct_brand&post=1232"},{"taxonomy":"product_cat","embeddable":true,"href":"https:\/\/michelimegahair.com.br\/index.php?rest_route=%2Fwp%2Fv2%2Fproduct_cat&post=1232"},{"taxonomy":"product_tag","embeddable":true,"href":"https:\/\/michelimegahair.com.br\/index.php?rest_route=%2Fwp%2Fv2%2Fproduct_tag&post=1232"}],"curies":[{"name":"wp","href":"https:\/\/api.w.org\/{rel}","templated":true}]}}